{"id":67,"date":"2019-03-08T13:39:27","date_gmt":"2019-03-08T13:39:27","guid":{"rendered":"http:\/\/pmopropiedades.cl\/_2017\/?page_id=67"},"modified":"2020-07-10T17:15:22","modified_gmt":"2020-07-10T17:15:22","slug":"privacidad","status":"publish","type":"page","link":"https:\/\/pmopropiedades.cl\/Web\/privacidad\/","title":{"rendered":"PRIVACIDAD"},"content":{"rendered":"\n<h1 class=\"wp-block-heading\">PMO Propiedades | Gesti\u00f3n Inmobiliaria<\/h1>\n\n\n\n<p><strong>PMO Propiedades<\/strong>, es una Agencia de gesti\u00f3n inmobiliaria, profesional, con amplia experiencia en&nbsp; Corretaje y Administraci\u00f3n de propiedades.<\/p>\n\n\n\n<p><strong>&nbsp;Pol\u00edtica de Privacidad:<\/strong>&nbsp;Toda la informaci\u00f3n ingresada por nuestros usuarios es solo para propositos estadisticos en nuestro propio Sistema, resguardando la confidencialidad de nuestros usuarios.<br>Clausula1=Los valores son expresados en Pesos Chile (CLP) y UF (unidad de fomento) quedan sujetos a confirmacion, via fono por el Agente de PMO propiedades.<\/p>\n\n\n\n<p><strong>&nbsp;Privacy Policy<\/strong>: All information entered by our users is only for statistical purposes in our own system, protecting the privacy of our users.&nbsp;<br>Clausula1=Values \u200b\u200bquoted&nbsp;in Pesos Chile (CLP) &amp; UF (unidad de fomento) are subject to confirmation, via telephone call directly to PMO Propiedades Agent, listed below._<\/p>\n\n\n\n<p><strong>Agente Inmobiliario :\u00a0\u00a0 Paola Meneses Ot\u00e1rola\u00a0<br>Tel\u00e9fonos de contacto: \u00a0+56 \u00a0977661031 <br>E- mail:\u00a0\u00a0<a href=\"https:\/\/pmopropiedades.cl\/2018\/index.php?action=page_display&amp;PageID=2\">ventas\u00aepmopropiedades.cl<\/a><\/strong><\/p>\n\n\n\n<p><strong>Instagram<\/strong>: <a href=\"https:\/\/instagram.com\/pmopropiedades\" target=\"_blank\" rel=\"noreferrer noopener\">https:\/\/instagram.com\/pmopropiedades<\/a><\/p>\n\n\n\n<hr class=\"wp-block-separator\"\/>\n\n\n\n<p>HORARIO DE ATENCI\u00d3N: Lunes a Viernes de 9:30 a 18:00 hrs<\/p>\n\n\n\n<h2 class=\"wp-block-heading\">Nuestra Misi\u00f3n :<\/h2>\n\n\n\n<p>Nuestra misi\u00f3n es hacer realidad su satisfacci\u00f3n en Gesti\u00f3n Inmobiliaria, ofreciendo una atenci\u00f3n personalizada e integral en compra, venta, arriendo, tasaci\u00f3n y administraci\u00f3n de Propiedades.<\/p>\n\n\n\n<h2 class=\"wp-block-heading\">Nuestros Valores :<\/h2>\n\n\n\n<p><strong>Confianza&nbsp;<\/strong>: Nos interesa relacionarnos con nuestros clientes sobre la base de la confianza.<\/p>\n\n\n\n<p><strong>Conocimiento<\/strong>&nbsp;: Somos profesionales expertos en corretaje de propiedades.<\/p>\n\n\n\n<p><strong>Compromiso<\/strong>&nbsp;: Hacemos propios los objetivos de nuestros clientes.<\/p>\n\n\n\n<p><strong>Excelencia<\/strong>&nbsp;: Ponemos toda nuestra capacidad profesional y humana al servicio de nuestros clientes con el objetivo de superar sus expectativas.<\/p>\n","protected":false},"excerpt":{"rendered":"<p>PMO Propiedades | Gesti\u00f3n Inmobiliaria PMO Propiedades, es una Agencia de gesti\u00f3n inmobiliaria, profesional, con amplia experiencia en&nbsp; Corretaje y Administraci\u00f3n de propiedades. &nbsp;Pol\u00edtica de Privacidad:&nbsp;Toda la informaci\u00f3n ingresada por nuestros usuarios es solo para propositos estadisticos en nuestro propio Sistema, resguardando la confidencialidad de nuestros usuarios.Clausula1=Los valores son expresados en Pesos Chile (CLP) y&#8230;<\/p>\n","protected":false},"author":1,"featured_media":0,"parent":0,"menu_order":0,"comment_status":"closed","ping_status":"closed","template":"","meta":{"footnotes":""},"class_list":["post-67","page","type-page","status-publish","hentry"],"_links":{"self":[{"href":"https:\/\/pmopropiedades.cl\/Web\/wp-json\/wp\/v2\/pages\/67","targetHints":{"allow":["GET"]}}],"collection":[{"href":"https:\/\/pmopropiedades.cl\/Web\/wp-json\/wp\/v2\/pages"}],"about":[{"href":"https:\/\/pmopropiedades.cl\/Web\/wp-json\/wp\/v2\/types\/page"}],"author":[{"embeddable":true,"href":"https:\/\/pmopropiedades.cl\/Web\/wp-json\/wp\/v2\/users\/1"}],"replies":[{"embeddable":true,"href":"https:\/\/pmopropiedades.cl\/Web\/wp-json\/wp\/v2\/comments?post=67"}],"version-history":[{"count":7,"href":"https:\/\/pmopropiedades.cl\/Web\/wp-json\/wp\/v2\/pages\/67\/revisions"}],"predecessor-version":[{"id":1573,"href":"https:\/\/pmopropiedades.cl\/Web\/wp-json\/wp\/v2\/pages\/67\/revisions\/1573"}],"wp:attachment":[{"href":"https:\/\/pmopropiedades.cl\/Web\/wp-json\/wp\/v2\/media?parent=67"}],"curies":[{"name":"wp","href":"https:\/\/api.w.org\/{rel}","templated":true}]}}